{"id":1045,"date":"2022-12-12T19:00:56","date_gmt":"2022-12-12T18:00:56","guid":{"rendered":"https:\/\/leschantiersdelalmanarre.fr\/estimate\/"},"modified":"2022-12-26T01:27:27","modified_gmt":"2022-12-26T00:27:27","slug":"estimate","status":"publish","type":"page","link":"https:\/\/leschantiersdelalmanarre.fr\/en\/estimate\/","title":{"rendered":"Estimate"},"content":{"rendered":"\n<div class=\"wp-block-stackable-spacer stk-block-spacer stk--no-padding stk-block stk-40a5669\" data-block-id=\"40a5669\"><style>.stk-40a5669{height:120px !important}@media screen and (max-width:1023px){.stk-40a5669{height:80px !important}}<\/style><\/div>\n\n\n\n<div class=\"wp-block-stackable-columns stk-block-columns stk-block stk-548e6d0\" data-block-id=\"548e6d0\"><style>.stk-548e6d0{margin-bottom:0px !important}<\/style><div class=\"stk-row stk-inner-blocks stk-block-content stk-content-align stk-548e6d0-column\">\n<div class=\"wp-block-stackable-column stk-block-column stk-block-column--v2 stk-column stk-block stk-a2744ea\" data-block-id=\"a2744ea\"><div class=\"stk-column-wrapper stk-block-column__content stk-container stk-a2744ea-container stk--no-background stk--no-padding\"><div class=\"stk-block-content stk-inner-blocks stk-a2744ea-inner-blocks\"><div class='fluentform fluentform_wrapper_4  ff_guten_block'><form data-form_id=\"4\" id=\"fluentform_4\" class=\"frm-fluent-form fluent_form_4 ff-el-form-top ff_form_instance_4_1 ff-form-loading\" data-form_instance=\"ff_form_instance_4_1\" method=\"POST\" ><input type='hidden' name='__fluent_form_embded_post_id' value='1045' \/><input type=\"hidden\" id=\"_fluentform_4_fluentformnonce\" name=\"_fluentform_4_fluentformnonce\" value=\"393ced7feb\" \/><input type=\"hidden\" name=\"_wp_http_referer\" value=\"\/en\/wp-json\/wp\/v2\/pages\/1045\" \/><div data-type=\"name-element\" data-name=\"names\" class=\" ff-field_container ff-name-field-wrapper\" ><div class='ff-t-container'><div class='ff-t-cell '><div class='ff-el-group  ff-el-form-top'><div class='ff-el-input--label ff-el-is-required asterisk-right'><label for='ff_4_names_first_name_'>Pr\u00e9nom<\/label> <\/div><div class='ff-el-input--content'><input type=\"text\" name=\"names[first_name]\" id=\"ff_4_names_first_name_\" class=\"ff-el-form-control\" placeholder=\"John\" ><\/div><\/div><\/div><div class='ff-t-cell '><div class='ff-el-group  ff-el-form-top'><div class='ff-el-input--label ff-el-is-required asterisk-right'><label for='ff_4_names_last_name_'>Nom de famille<\/label> <\/div><div class='ff-el-input--content'><input type=\"text\" name=\"names[last_name]\" id=\"ff_4_names_last_name_\" class=\"ff-el-form-control\" placeholder=\"Doe\" ><\/div><\/div><\/div><\/div><\/div><div class='ff-el-group'><div class='ff-el-input--label asterisk-right'><label for='ff_4_adress'>Adresse<\/label> <\/div><div class='ff-el-input--content'><input type=\"text\" name=\"adress\" class=\"ff-el-form-control\" data-name=\"adress\" id=\"ff_4_adress\" ><\/div><\/div><div data-name=\"ff_cn_id_1\"  class='ff-t-container ff-column-container ff_columns_total_2  '><div class='ff-t-cell ff-t-column-1' style='flex-basis: 50%;'><div class='ff-el-group'><div class='ff-el-input--label asterisk-right'><label for='ff_4_postal_code'>Code postal<\/label> <\/div><div class='ff-el-input--content'><input type=\"text\" name=\"postal_code\" class=\"ff-el-form-control\" data-name=\"postal_code\" id=\"ff_4_postal_code\" ><\/div><\/div><\/div><div class='ff-t-cell ff-t-column-2' style='flex-basis: 50%;'><div class='ff-el-group'><div class='ff-el-input--label asterisk-right'><label for='ff_4_city'>Ville<\/label> <\/div><div class='ff-el-input--content'><input type=\"text\" name=\"city\" class=\"ff-el-form-control\" data-name=\"city\" id=\"ff_4_city\" ><\/div><\/div><\/div><\/div><div class='ff-el-group'><div class='ff-el-input--label ff-el-is-required asterisk-right'><label for='ff_4_cellphone'>T\u00e9l\u00e9phone Portable<\/label> <\/div><div class='ff-el-input--content'><input name=\"cellphone\" class=\"ff-el-form-control ff-el-phone ff_el_with_extended_validation\" type=\"tel\" data-name=\"cellphone\" id=\"ff_4_cellphone\" inputmode=\"tel\" ><\/div><\/div><div class='ff-el-group'><div class='ff-el-input--label ff-el-is-required asterisk-right'><label for='ff_4_email_1'>Email<\/label> <\/div><div class='ff-el-input--content'><input type=\"email\" name=\"email_1\" id=\"ff_4_email_1\" class=\"ff-el-form-control\" placeholder=\"john.doe@gmail.com\" data-name=\"email_1\" ><\/div><\/div><div class='ff-el-group'><div class='ff-el-input--label ff-el-is-required asterisk-right'><label for='ff_4_vehicle_type'>Type de v\u00e9hicule<\/label> <\/div><div class='ff-el-input--content'><select name=\"vehicle_type\" id=\"ff_4_vehicle_type\" class=\"ff-el-form-control\" data-name=\"vehicle_type\" data-calc_value=\"0\" ><option value=\"\">Choisir &#8230;<\/option><option value=\"caravane\"  >Caravane<\/option><option value=\"camping-car\"  >Camping-car<\/option><option value=\"voiture\"  >Voiture<\/option><option value=\"bateau-cale\"  >Bateau cal\u00e9<\/option><option value=\"bateau-sur-remorque\"  >Bateau sur remorque<\/option><\/select><\/div><\/div><div class='ff-el-group'><div class='ff-el-input--label ff-el-is-required asterisk-right'><label >Emplacement<\/label> <\/div><div class='ff-el-input--content'><div class='ff-el-form-check ff-el-form-check-'><label class='ff-el-form-check-label' for=parking_5d5fa4d429763e5449d7cc114dc59546><input type=\"checkbox\" name=\"parking[]\" data-name=\"parking\" class=\"ff-el-form-check-input ff-el-form-check-checkbox\" value=\"Int\u00e9rieur\"  id='parking_5d5fa4d429763e5449d7cc114dc59546'> <span>Int\u00e9rieur<\/span><\/label><\/div><div class='ff-el-form-check ff-el-form-check-'><label class='ff-el-form-check-label' for=parking_c462fa30f2efd4c632c70b830d6f20b9><input type=\"checkbox\" name=\"parking[]\" data-name=\"parking\" class=\"ff-el-form-check-input ff-el-form-check-checkbox\" value=\"Ext\u00e9rieur\"  id='parking_c462fa30f2efd4c632c70b830d6f20b9'> <span>Ext\u00e9rieur<\/span><\/label><\/div><\/div><\/div><div data-name=\"ff_cn_id_2\"  class='ff-t-container ff-column-container ff_columns_total_2  '><div class='ff-t-cell ff-t-column-1' style='flex-basis: 50%;'><div class='ff-el-group'><div class='ff-el-input--label asterisk-right'><label for='ff_4_immat'>Immatriculation<\/label> <\/div><div class='ff-el-input--content'><input type=\"text\" name=\"immat\" class=\"ff-el-form-control\" data-name=\"immat\" id=\"ff_4_immat\" ><\/div><\/div><\/div><div class='ff-t-cell ff-t-column-2' style='flex-basis: 50%;'><div class='ff-el-group'><div class='ff-el-input--label asterisk-right'><label for='ff_4_brand'>Marque<\/label> <\/div><div class='ff-el-input--content'><input type=\"text\" name=\"brand\" class=\"ff-el-form-control\" data-name=\"brand\" id=\"ff_4_brand\" ><\/div><\/div><\/div><\/div><div data-name=\"ff_cn_id_3\"  class='ff-t-container ff-column-container ff_columns_total_2  '><div class='ff-t-cell ff-t-column-1' style='flex-basis: 50%;'><div class='ff-el-group'><div class='ff-el-input--label asterisk-right'><label for='ff_4_length'>Longueur<\/label> <\/div><div class='ff-el-input--content'><input type=\"number\" name=\"length\" id=\"ff_4_length\" class=\"ff-el-form-control\" data-name=\"length\" inputmode=\"numeric\" step=\"any\" ><\/div><\/div><\/div><div class='ff-t-cell ff-t-column-2' style='flex-basis: 50%;'><div class='ff-el-group'><div class='ff-el-input--label asterisk-right'><label for='ff_4_year'>Largeur<\/label> <\/div><div class='ff-el-input--content'><input type=\"number\" name=\"year\" id=\"ff_4_year\" class=\"ff-el-form-control\" data-name=\"year\" inputmode=\"numeric\" step=\"any\" ><\/div><\/div><\/div><\/div><div class='ff-el-group'><div class='ff-el-input--label asterisk-right'><label for='ff_4_uploaded_file_1'>Transmettre un document<\/label> <\/div><div class='ff-el-input--content'><label for='ff_4_uploaded_file_1' class='ff_file_upload_holder'><span class='ff_upload_btn ff-btn'>Choisir un fichier<\/span> <input type=\"file\" name=\"uploaded_file\" id=\"ff_4_uploaded_file_1\" class=\"ff-el-form-control  ff-screen-reader-element\" data-name=\"uploaded_file\" multiple=\"1\" ><\/label><\/div><\/div><div class='ff-el-group ff-text-left ff_submit_btn_wrapper'><button type=\"submit\" class=\"ff-btn ff-btn-submit ff-btn-md ff_btn_style\" >Envoyer<\/button><\/div><\/form><div id='fluentform_4_errors' class='ff-errors-in-stack ff_form_instance_4_1 ff-form-loading_errors ff_form_instance_4_1_errors'><\/div><\/div>        <script type=\"text\/javascript\">\n            window.fluent_form_ff_form_instance_4_1 = {\"id\":\"4\",\"settings\":{\"layout\":{\"labelPlacement\":\"top\",\"helpMessagePlacement\":\"with_label\",\"errorMessagePlacement\":\"inline\",\"cssClassName\":\"\",\"asteriskPlacement\":\"asterisk-right\"},\"restrictions\":{\"denyEmptySubmission\":{\"enabled\":false}}},\"form_instance\":\"ff_form_instance_4_1\",\"form_id_selector\":\"fluentform_4\",\"rules\":{\"names[first_name]\":{\"required\":{\"value\":true,\"message\":\"Ce champ est requis\"}},\"names[middle_name]\":{\"required\":{\"value\":false,\"message\":\"Ce champ est obligatoire\"}},\"names[last_name]\":{\"required\":{\"value\":true,\"message\":\"Ce champ est obligatoire\"}},\"adress\":{\"required\":{\"value\":false,\"message\":\"Ce champ est obligatoire\"}},\"postal_code\":{\"required\":{\"value\":false,\"message\":\"Ce champ est obligatoire\"}},\"city\":{\"required\":{\"value\":false,\"message\":\"Ce champ est obligatoire\"}},\"cellphone\":{\"required\":{\"value\":true,\"message\":\"Ce champ est requis\"},\"valid_phone_number\":{\"value\":true,\"message\":\"Le num\\u00e9ro de t\\u00e9l\\u00e9phone n'est pas valide\"}},\"email_1\":{\"required\":{\"value\":true,\"message\":\"Ce champ est obligatoire\"},\"email\":{\"value\":true,\"message\":\"Ce champ doit contenir un e-mail valide\"}},\"vehicle_type\":{\"required\":{\"value\":true,\"message\":\"Ce champ est obligatoire\"}},\"parking\":{\"required\":{\"value\":true,\"message\":\"Ce champ est obligatoire\"}},\"immat\":{\"required\":{\"value\":false,\"message\":\"Ce champ est obligatoire\"}},\"brand\":{\"required\":{\"value\":false,\"message\":\"Ce champ est obligatoire\"}},\"length\":{\"required\":{\"value\":false,\"message\":\"Ce champ est obligatoire\"},\"numeric\":{\"value\":true,\"message\":\"Ce champ doit contenir une valeur num\\u00e9rique\"},\"min\":{\"value\":\"\",\"message\":\"Valeur minimale est \"},\"max\":{\"value\":\"\",\"message\":\"Valeur maximale est \"},\"digits\":{\"value\":\"\",\"message\":\"Le nombre de chiffres doit \\u00eatre \"}},\"year\":{\"required\":{\"value\":false,\"message\":\"Ce champ est obligatoire\"},\"numeric\":{\"value\":true,\"message\":\"Ce champ doit contenir une valeur num\\u00e9rique\"},\"min\":{\"value\":\"\",\"message\":\"Valeur minimale est \"},\"max\":{\"value\":\"\",\"message\":\"Valeur maximale est \"},\"digits\":{\"value\":\"\",\"message\":\"Le nombre de chiffres doit \\u00eatre \"}},\"uploaded_file\":{\"required\":{\"value\":false,\"message\":\"Ce champ est obligatoire\"},\"max_file_size\":{\"value\":1048576,\"_valueFrom\":\"MB\",\"message\":\"La limite maximale de taille du fichier est de 1 Mo\"},\"max_file_count\":{\"value\":1,\"message\":\"Vous pouvez t\\u00e9l\\u00e9charger un fichier au maximum\"},\"allowed_file_types\":{\"value\":[\"jpg|jpeg|gif|png|bmp\",\"doc|ppt|pps|xls|mdb|docx|xlsx|pptx|odt|odp|ods|odg|odc|odb|odf|rtf|txt\",\"pdf\"],\"message\":\"Type de fichier invalide\"}}}};\n                    <\/script>\n        \n\n\n<div class=\"wp-block-stackable-spacer stk-block-spacer stk--no-padding stk-block stk-d0ff013\" data-block-id=\"d0ff013\"><style>.stk-d0ff013{height:120px !important}@media screen and (max-width:1023px){.stk-d0ff013{height:80px !important}}<\/style><\/div>\n<\/div><\/div><\/div>\n<\/div><\/div>\n","protected":false},"excerpt":{"rendered":"","protected":false},"author":1,"featured_media":0,"parent":0,"menu_order":0,"comment_status":"closed","ping_status":"closed","template":"","meta":{"footnotes":""},"class_list":["post-1045","page","type-page","status-publish","hentry"],"blocksy_meta":{"styles_descriptor":{"styles":{"desktop":"","tablet":"","mobile":""},"google_fonts":[],"version":5},"page_title_panel":"","has_hero_section":"disabled","5973de7ff46a4470bc7773206fdfe2a1":"","hero_section":"type-1","hero_elements":[{"id":"custom_title","enabled":true,"heading_tag":"h1","title":"Accueil"},{"id":"custom_description","enabled":true,"description_visibility":{"desktop":true,"tablet":true,"mobile":false}},{"id":"custom_meta","enabled":false,"meta_elements":[{"id":"author","enabled":true,"label":"Par","has_author_avatar":"yes","avatar_size":25},{"id":"post_date","enabled":true,"label":"Sur","date_format_source":"default","date_format":"M j, Y"},{"id":"updated_date","enabled":false,"label":"Sur","date_format_source":"default","date_format":"M j, Y"},{"id":"categories","enabled":false,"label":"Dans","style":"simple"},{"id":"comments","enabled":true}],"page_meta_elements":{"joined":true,"articles_count":true,"comments":true}},{"id":"breadcrumbs","enabled":false}],"c866ca1fa29b4b11c1e84bc600ffe96a":"","hero_alignment1":"CT_CSS_SKIP_RULE","hero_margin":40,"hero_alignment2":"center","hero_vertical_alignment":"center","f34b6d06b2a15cb77573ea87ec8bb18b":"","hero_structure":"narrow","65c43d737afc03a6932dace78d6c6032":"","page_title_bg_type":"featured_image","custom_hero_background":{"attachment_id":null},"page_title_image_size":"full","parallax":{"desktop":false,"tablet":false,"mobile":false},"bc84fe68b94fdd0badb5682fce5fd902":"","hero_height":"250px","pageTitleFont":{"family":"Default","variation":"Default","size":"30px","line-height":"CT_CSS_SKIP_RULE","letter-spacing":"CT_CSS_SKIP_RULE","text-transform":"CT_CSS_SKIP_RULE","text-decoration":"CT_CSS_SKIP_RULE"},"pageTitleFontColor":{"default":{"color":"CT_CSS_SKIP_RULEDEFAULT"}},"pageMetaFont":{"family":"Default","variation":"n6","size":"12px","line-height":"1.3","letter-spacing":"CT_CSS_SKIP_RULE","text-transform":"uppercase","text-decoration":"CT_CSS_SKIP_RULE"},"pageMetaFontColor":{"default":{"color":"CT_CSS_SKIP_RULEDEFAULT"},"hover":{"color":"CT_CSS_SKIP_RULEDEFAULT"}},"page_meta_button_type_font_colors":{"default":{"color":"CT_CSS_SKIP_RULEDEFAULT"},"hover":{"color":"CT_CSS_SKIP_RULEDEFAULT"}},"page_meta_button_type_background_colors":{"default":{"color":"CT_CSS_SKIP_RULEDEFAULT"},"hover":{"color":"CT_CSS_SKIP_RULEDEFAULT"}},"pageExcerptFont":{"family":"Default","variation":"Default","size":"CT_CSS_SKIP_RULE","line-height":"CT_CSS_SKIP_RULE","letter-spacing":"CT_CSS_SKIP_RULE","text-transform":"CT_CSS_SKIP_RULE","text-decoration":"CT_CSS_SKIP_RULE"},"pageExcerptColor":{"default":{"color":"CT_CSS_SKIP_RULEDEFAULT"}},"breadcrumbsFont":{"family":"Default","variation":"Default","size":"CT_CSS_SKIP_RULE","line-height":"CT_CSS_SKIP_RULE","letter-spacing":"CT_CSS_SKIP_RULE","text-transform":"CT_CSS_SKIP_RULE","text-decoration":"CT_CSS_SKIP_RULE"},"breadcrumbsFontColor":{"default":{"color":"CT_CSS_SKIP_RULEDEFAULT"},"initial":{"color":"CT_CSS_SKIP_RULEDEFAULT"},"hover":{"color":"CT_CSS_SKIP_RULEDEFAULT"}},"pageTitleOverlay":{"background_type":"color","background_pattern":"type-1","background_image":{"attachment_id":null,"x":0,"y":0},"gradient":"linear-gradient(135deg,rgba(6,147,227,1) 0%,rgb(155,81,224) 100%)","background_repeat":"repeat","background_size":"auto","background_attachment":"scroll","patternColor":{"default":{"color":"#e5e7ea"}},"overlayColor":{"default":{"color":"CT_CSS_SKIP_RULE"}},"backgroundColor":{"default":{"color":"CT_CSS_SKIP_RULE"}}},"pageTitleBackground":{"background_type":"color","background_pattern":"type-1","background_image":{"attachment_id":null,"x":0,"y":0},"gradient":"linear-gradient(135deg,rgba(6,147,227,1) 0%,rgb(155,81,224) 100%)","background_repeat":"repeat","background_size":"auto","background_attachment":"scroll","patternColor":{"default":{"color":"#e5e7ea"}},"overlayColor":{"default":{"color":"CT_CSS_SKIP_RULE"}},"backgroundColor":{"default":{"color":"var(--paletteColor6)"}}},"pageTitlePadding":{"top":"50px","bottom":"50px","left":"auto","right":"auto","linked":true},"c7a8511586dbc8da68fa83b65ef5008d":"","page_structure_type":"default","fc8ee0d86240e8d7c39b3cc27a60d51e":"","content_style_source":"inherit","content_style":"wide","vertical_spacing_source":"custom","content_area_spacing":"none","background":{"background_type":"color","background_pattern":"type-1","background_image":{"attachment_id":null,"x":0,"y":0},"gradient":"linear-gradient(135deg,rgba(6,147,227,1) 0%,rgb(155,81,224) 100%)","background_repeat":"repeat","background_size":"auto","background_attachment":"scroll","patternColor":{"default":{"color":"#e5e7ea"}},"overlayColor":{"default":{"color":"CT_CSS_SKIP_RULE"}},"backgroundColor":{"default":{"color":"CT_CSS_SKIP_RULE"}}},"content_background":{"background_type":"color","background_pattern":"type-1","background_image":{"attachment_id":null,"x":0,"y":0},"gradient":"linear-gradient(135deg,rgba(6,147,227,1) 0%,rgb(155,81,224) 100%)","background_repeat":"repeat","background_size":"auto","background_attachment":"scroll","patternColor":{"default":{"color":"#e5e7ea"}},"overlayColor":{"default":{"color":"CT_CSS_SKIP_RULE"}},"backgroundColor":{"default":{"color":"var(--paletteColor8)"}}},"content_boxed_shadow":{"inherit":false,"blur":18,"spread":-6,"v_offset":12,"h_offset":0,"inset":false,"enable":true,"color":{"color":"rgba(34, 56, 101, 0.04)"}},"content_boxed_border":{"width":1,"style":"none","color":{"color":"rgba(44,62,80,0.2)"}},"content_boxed_radius":{"top":"3px","bottom":"3px","left":"3px","right":"3px","linked":true},"boxed_content_spacing":{"desktop":{"top":"40px","bottom":"40px","left":"40px","right":"40px","linked":true},"tablet":{"top":"35px","bottom":"35px","left":"35px","right":"35px","linked":true},"mobile":{"top":"20px","bottom":"20px","left":"20px","right":"20px","linked":true}},"3d35b84be1f3d4b17ac668ac91a23af3":"","disable_featured_image":"no","disable_share_box":"no","disable_header":"no","disable_footer":"no"},"featured_image_urls":{"full":"","thumbnail":"","medium":"","medium_large":"","large":"","1536x1536":"","2048x2048":""},"post_excerpt_stackable":"<p>Pr\u00e9nom Nom de famille Adresse Code postal Ville T\u00e9l\u00e9phone Portable Email Type de v\u00e9hicule Choisir &#8230;CaravaneCamping-carVoitureBateau cal\u00e9Bateau sur remorqueEmplacement Int\u00e9rieur Ext\u00e9rieurImmatriculation Marque Longueur Largeur Transmettre un document Choisir un fichier Envoyer<\/p>\n","category_list":"","author_info":{"name":"admin","url":"https:\/\/leschantiersdelalmanarre.fr\/en\/author\/admin\/"},"comments_num":"0 comments","yoast_head":"<!-- This site is optimized with the Yoast SEO plugin v20.0 - https:\/\/yoast.com\/wordpress\/plugins\/seo\/ -->\n<title>Estimate - Gardiennage Hyeres<\/title>\n<meta name=\"robots\" content=\"index, follow, max-snippet:-1, max-image-preview:large, max-video-preview:-1\" \/>\n<link rel=\"canonical\" href=\"https:\/\/leschantiersdelalmanarre.fr\/en\/estimate\/\" \/>\n<meta property=\"og:locale\" content=\"en_US\" \/>\n<meta property=\"og:type\" content=\"article\" \/>\n<meta property=\"og:title\" content=\"Estimate - Gardiennage Hyeres\" \/>\n<meta property=\"og:url\" content=\"https:\/\/leschantiersdelalmanarre.fr\/en\/estimate\/\" \/>\n<meta property=\"og:site_name\" content=\"Gardiennage Hyeres\" \/>\n<meta property=\"article:modified_time\" content=\"2022-12-26T00:27:27+00:00\" \/>\n<meta name=\"twitter:card\" content=\"summary_large_image\" \/>\n<meta name=\"twitter:label1\" content=\"Est. reading time\" \/>\n\t<meta name=\"twitter:data1\" content=\"1 minute\" \/>\n<script type=\"application\/ld+json\" class=\"yoast-schema-graph\">{\"@context\":\"https:\/\/schema.org\",\"@graph\":[{\"@type\":\"WebPage\",\"@id\":\"https:\/\/leschantiersdelalmanarre.fr\/en\/estimate\/\",\"url\":\"https:\/\/leschantiersdelalmanarre.fr\/en\/estimate\/\",\"name\":\"Estimate - Gardiennage Hyeres\",\"isPartOf\":{\"@id\":\"https:\/\/leschantiersdelalmanarre.fr\/en\/#website\"},\"datePublished\":\"2022-12-12T18:00:56+00:00\",\"dateModified\":\"2022-12-26T00:27:27+00:00\",\"breadcrumb\":{\"@id\":\"https:\/\/leschantiersdelalmanarre.fr\/en\/estimate\/#breadcrumb\"},\"inLanguage\":\"en-US\",\"potentialAction\":[{\"@type\":\"ReadAction\",\"target\":[\"https:\/\/leschantiersdelalmanarre.fr\/en\/estimate\/\"]}]},{\"@type\":\"BreadcrumbList\",\"@id\":\"https:\/\/leschantiersdelalmanarre.fr\/en\/estimate\/#breadcrumb\",\"itemListElement\":[{\"@type\":\"ListItem\",\"position\":1,\"name\":\"Home\",\"item\":\"https:\/\/leschantiersdelalmanarre.fr\/en\/\"},{\"@type\":\"ListItem\",\"position\":2,\"name\":\"Estimate\"}]},{\"@type\":\"WebSite\",\"@id\":\"https:\/\/leschantiersdelalmanarre.fr\/en\/#website\",\"url\":\"https:\/\/leschantiersdelalmanarre.fr\/en\/\",\"name\":\"Gardiennage Hy\u00e8res - Caravanes, camping-car, voitures, bateaux.\",\"description\":\"Gardiennage Hy\u00e8res - Caravans, motor homes, cars, boats.\",\"publisher\":{\"@id\":\"https:\/\/leschantiersdelalmanarre.fr\/en\/#organization\"},\"potentialAction\":[{\"@type\":\"SearchAction\",\"target\":{\"@type\":\"EntryPoint\",\"urlTemplate\":\"https:\/\/leschantiersdelalmanarre.fr\/en\/?s={search_term_string}\"},\"query-input\":\"required name=search_term_string\"}],\"inLanguage\":\"en-US\"},{\"@type\":\"Organization\",\"@id\":\"https:\/\/leschantiersdelalmanarre.fr\/en\/#organization\",\"name\":\"Gardiennage Hy\u00e8res\",\"url\":\"https:\/\/leschantiersdelalmanarre.fr\/en\/\",\"logo\":{\"@type\":\"ImageObject\",\"inLanguage\":\"en-US\",\"@id\":\"https:\/\/leschantiersdelalmanarre.fr\/en\/#\/schema\/logo\/image\/\",\"url\":\"https:\/\/leschantiersdelalmanarre.fr\/wp-content\/uploads\/2022\/12\/full_logo_dark-1.svg\",\"contentUrl\":\"https:\/\/leschantiersdelalmanarre.fr\/wp-content\/uploads\/2022\/12\/full_logo_dark-1.svg\",\"caption\":\"Gardiennage Hy\u00e8res\"},\"image\":{\"@id\":\"https:\/\/leschantiersdelalmanarre.fr\/en\/#\/schema\/logo\/image\/\"}}]}<\/script>\n<!-- \/ Yoast SEO plugin. -->","yoast_head_json":{"title":"Estimate - Gardiennage Hyeres","robots":{"index":"index","follow":"follow","max-snippet":"max-snippet:-1","max-image-preview":"max-image-preview:large","max-video-preview":"max-video-preview:-1"},"canonical":"https:\/\/leschantiersdelalmanarre.fr\/en\/estimate\/","og_locale":"en_US","og_type":"article","og_title":"Estimate - Gardiennage Hyeres","og_url":"https:\/\/leschantiersdelalmanarre.fr\/en\/estimate\/","og_site_name":"Gardiennage Hyeres","article_modified_time":"2022-12-26T00:27:27+00:00","twitter_card":"summary_large_image","twitter_misc":{"Est. reading time":"1 minute"},"schema":{"@context":"https:\/\/schema.org","@graph":[{"@type":"WebPage","@id":"https:\/\/leschantiersdelalmanarre.fr\/en\/estimate\/","url":"https:\/\/leschantiersdelalmanarre.fr\/en\/estimate\/","name":"Estimate - Gardiennage Hyeres","isPartOf":{"@id":"https:\/\/leschantiersdelalmanarre.fr\/en\/#website"},"datePublished":"2022-12-12T18:00:56+00:00","dateModified":"2022-12-26T00:27:27+00:00","breadcrumb":{"@id":"https:\/\/leschantiersdelalmanarre.fr\/en\/estimate\/#breadcrumb"},"inLanguage":"en-US","potentialAction":[{"@type":"ReadAction","target":["https:\/\/leschantiersdelalmanarre.fr\/en\/estimate\/"]}]},{"@type":"BreadcrumbList","@id":"https:\/\/leschantiersdelalmanarre.fr\/en\/estimate\/#breadcrumb","itemListElement":[{"@type":"ListItem","position":1,"name":"Home","item":"https:\/\/leschantiersdelalmanarre.fr\/en\/"},{"@type":"ListItem","position":2,"name":"Estimate"}]},{"@type":"WebSite","@id":"https:\/\/leschantiersdelalmanarre.fr\/en\/#website","url":"https:\/\/leschantiersdelalmanarre.fr\/en\/","name":"Gardiennage Hy\u00e8res - Caravanes, camping-car, voitures, bateaux.","description":"Gardiennage Hy\u00e8res - Caravans, motor homes, cars, boats.","publisher":{"@id":"https:\/\/leschantiersdelalmanarre.fr\/en\/#organization"},"potentialAction":[{"@type":"SearchAction","target":{"@type":"EntryPoint","urlTemplate":"https:\/\/leschantiersdelalmanarre.fr\/en\/?s={search_term_string}"},"query-input":"required name=search_term_string"}],"inLanguage":"en-US"},{"@type":"Organization","@id":"https:\/\/leschantiersdelalmanarre.fr\/en\/#organization","name":"Gardiennage Hy\u00e8res","url":"https:\/\/leschantiersdelalmanarre.fr\/en\/","logo":{"@type":"ImageObject","inLanguage":"en-US","@id":"https:\/\/leschantiersdelalmanarre.fr\/en\/#\/schema\/logo\/image\/","url":"https:\/\/leschantiersdelalmanarre.fr\/wp-content\/uploads\/2022\/12\/full_logo_dark-1.svg","contentUrl":"https:\/\/leschantiersdelalmanarre.fr\/wp-content\/uploads\/2022\/12\/full_logo_dark-1.svg","caption":"Gardiennage Hy\u00e8res"},"image":{"@id":"https:\/\/leschantiersdelalmanarre.fr\/en\/#\/schema\/logo\/image\/"}}]}},"_links":{"self":[{"href":"https:\/\/leschantiersdelalmanarre.fr\/en\/wp-json\/wp\/v2\/pages\/1045","targetHints":{"allow":["GET"]}}],"collection":[{"href":"https:\/\/leschantiersdelalmanarre.fr\/en\/wp-json\/wp\/v2\/pages"}],"about":[{"href":"https:\/\/leschantiersdelalmanarre.fr\/en\/wp-json\/wp\/v2\/types\/page"}],"author":[{"embeddable":true,"href":"https:\/\/leschantiersdelalmanarre.fr\/en\/wp-json\/wp\/v2\/users\/1"}],"replies":[{"embeddable":true,"href":"https:\/\/leschantiersdelalmanarre.fr\/en\/wp-json\/wp\/v2\/comments?post=1045"}],"version-history":[{"count":0,"href":"https:\/\/leschantiersdelalmanarre.fr\/en\/wp-json\/wp\/v2\/pages\/1045\/revisions"}],"wp:attachment":[{"href":"https:\/\/leschantiersdelalmanarre.fr\/en\/wp-json\/wp\/v2\/media?parent=1045"}],"curies":[{"name":"wp","href":"https:\/\/api.w.org\/{rel}","templated":true}]}}